{"id":424,"date":"2017-11-18T08:19:54","date_gmt":"2017-11-18T03:19:54","guid":{"rendered":"http:\/\/sec.susu.ru\/?page_id=424"},"modified":"2017-11-18T08:19:54","modified_gmt":"2017-11-18T03:19:54","slug":"424-2","status":"publish","type":"page","link":"https:\/\/sites.susu.ru\/sec\/","title":{"rendered":"\u0413\u043b\u0430\u0432\u043d\u0430\u044f"},"content":{"rendered":"<p>\u041f\u0440\u0438\u043d\u0438\u043c\u0430\u044e\u0442\u0441\u044f \u0441\u0442\u0430\u0442\u044c\u0438 \u0432 \u043e\u0447\u0435\u0440\u0435\u0434\u043d\u044b\u0435 \u043d\u043e\u043c\u0435\u0440\u0430 \u0436\u0443\u0440\u043d\u0430\u043b\u043e\u0432 \u041f\u043e\u043b\u0438\u0442\u0438\u0447\u0435\u0441\u043a\u0438\u0439 \u0432\u0435\u043a\u0442\u043e\u0440-\u041f\u0420\u041e (Political vector-pro), \u041f\u043e\u043b\u0438\u0442\u0438\u0447\u0435\u0441\u043a\u0438\u0439 \u0432\u0435\u043a\u0442\u043e\u0440-\u041b (Political vector-l), \u041f\u043e\u043b\u0438\u0442\u0438\u0447\u0435\u0441\u043a\u0438\u0439 \u0432\u0435\u043a\u0442\u043e\u0440-\u041c (Political vector-m)<\/p>\n<p>&nbsp;<\/p>\n<p>\u0422\u0440\u0435\u0431\u043e\u0432\u0430\u043d\u0438\u044f \u043a \u043e\u0444\u043e\u0440\u043c\u043b\u0435\u043d\u0438\u044e \u0441\u0442\u0430\u0442\u0435\u0439. \u0422\u0440\u0435\u0431\u043e\u0432\u0430\u043d\u0438\u044f \u043a \u0441\u043e\u043f\u0440\u043e\u0432\u043e\u0434\u0438\u0442\u0435\u043b\u044c\u043d\u044b\u043c \u0434\u043e\u043a\u0443\u043c\u0435\u043d\u0442\u0430\u043c: \u044d\u043a\u0441\u043f\u0435\u0440\u0442\u043d\u043e\u0435 \u0437\u0430\u043a\u043b\u044e\u0447\u0435\u043d\u0438\u0435 \u0434\u043b\u044f \u043e\u0442\u043a\u0440\u044b\u0442\u043e\u0439 \u043f\u0435\u0447\u0430\u0442\u0438 \u0440\u0435\u043a\u043e\u043c\u0435\u043d\u0434\u0430\u0446\u0438\u044f \u043a \u043f\u0443\u0431\u043b\u0438\u043a\u0430\u0446\u0438\u0438 \u0422\u0440\u0435\u0431\u043e\u0432\u0430\u043d\u0438\u044f \u043a \u0441\u0440\u043e\u043a\u0430\u043c \u043f\u043e\u0434\u0430\u0447\u0438 \u0441\u0442\u0430\u0442\u0435\u0439: \u0434\u043e 20 \u043c\u0430\u0440\u0442\u0430 \u0432 \u043f\u0435\u0440\u0432\u044b\u0439 \u043d\u043e\u043c\u0435\u0440 \u0433\u043e\u0434\u0430 \u0434\u043e 20 \u043e\u043a\u0442\u044f\u0431\u0440\u044f \u0432\u043e \u0432\u0442\u043e\u0440\u043e\u0439 \u043d\u043e\u043c\u0435\u0440 \u0433\u043e\u0434\u0430 \u0422\u0440\u0435\u0431\u043e\u0432\u0430\u043d\u0438\u044f \u043a \u0441\u043e\u0434\u0435\u0440\u0436\u0430\u043d\u0438\u044e \u0441\u0442\u0430\u0442\u0435\u0439: \u0441\u043e\u0446\u0438\u0430\u043b\u044c\u043d\u043e-\u043f\u043e\u043b\u0438\u0442\u0438\u0447\u0435\u0441\u043a\u0430\u044f \u0438 \u0433\u0443\u043c\u0430\u043d\u0438\u0442\u0430\u0440\u043d\u0430\u044f \u043d\u0430\u043f\u0440\u0430\u0432\u043b\u0435\u043d\u043d\u043e\u0441\u0442\u044c \u043a\u043e\u043c\u043f\u043b\u0435\u043a\u0441\u043d\u044b\u0439 \u0438 \u043c\u0435\u0436\u043f\u0440\u0435\u0434\u043c\u0435\u0442\u043d\u044b\u0439 \u0445\u0430\u0440\u0430\u043a\u0442\u0435\u0440 \u0422\u0440\u0435\u0431\u043e\u0432\u0430\u043d\u0438\u044f \u043a \u0444\u043e\u0440\u043c\u0435 \u0441\u0442\u0430\u0442\u0435\u0439: \u0440\u0435\u0434\u0430\u043a\u0442\u043e\u0440 MS Word, \u0448\u0440\u0438\u0444\u0442 Times New Roman, \u043a\u0435\u0433\u043b\u044c 12, \u0438\u043d\u0442\u0435\u0440\u0432\u0430\u043b 1 \u043f\u0442., \u043a\u0440\u0430\u0441\u043d\u0430\u044f \u0441\u0442\u0440\u043e\u043a\u0430 1 \u0441\u043c, \u043f\u043e\u043b\u044f 2\u04452\u04452\u04452 \u0441\u043c \u0422\u0440\u0435\u0431\u043e\u0432\u0430\u043d\u0438\u044f \u043a \u0441\u0442\u0440\u0443\u043a\u0442\u0443\u0440\u0435 \u0441\u0442\u0430\u0442\u0435\u0439: \u0423\u0414\u041a, \u043d\u0430\u0437\u0432\u0430\u043d\u0438\u0435, \u0441\u043f\u0438\u0441\u043e\u043a \u0430\u0432\u0442\u043e\u0440\u043e\u0432, \u0430\u043d\u043d\u043e\u0442\u0430\u0446\u0438\u044f, \u043a\u043b\u044e\u0447\u0435\u0432\u044b\u0435 \u0441\u043b\u043e\u0432\u0430, \u0442\u0435\u043a\u0441\u0442 \u0441\u0442\u0430\u0442\u044c\u0438 (\u043d\u0435 \u0431\u043e\u043b\u0435\u0435 \u043e\u0434\u043d\u043e\u0433\u043e \u0430\u0432\u0442\u043e\u0440\u0441\u043a\u043e\u0433\u043e \u043b\u0438\u0441\u0442\u0430 \u2013 40 \u0442\u044b\u0441. \u0437\u043d\u0430\u043a\u043e\u0432), \u043a\u043e\u043d\u0446\u0435\u0432\u044b\u0435 \u0441\u043d\u043e\u0441\u043a\u0438 (\u0435\u0434\u0438\u043d\u0430\u044f \u043d\u0443\u043c\u0435\u0440\u0430\u0446\u0438\u044f \u043d\u0430 \u0432\u0441\u044e \u0441\u0442\u0430\u0442\u044c\u044e) \u0422\u0440\u0435\u0431\u043e\u0432\u0430\u043d\u0438\u044f \u043a \u044f\u0437\u044b\u043a\u0443 \u0441\u0442\u0430\u0442\u0435\u0439: \u0441\u0442\u0430\u0442\u044c\u044f \u043c\u043e\u0436\u0435\u0442 \u0431\u044b\u0442\u044c \u043f\u0440\u0435\u0434\u043e\u0441\u0442\u0430\u0432\u043b\u0435\u043d\u0430 \u043d\u0430 \u043b\u044e\u0431\u043e\u043c \u044f\u0437\u044b\u043a\u0435 \u043d\u0430\u0437\u0432\u0430\u043d\u0438\u0435, \u0441\u043f\u0438\u0441\u043e\u043a \u0430\u0432\u0442\u043e\u0440\u043e\u0432, \u0430\u043d\u043d\u043e\u0442\u0430\u0446\u0438\u044f, \u043a\u043b\u044e\u0447\u0435\u0432\u044b\u0435 \u0441\u043b\u043e\u0432\u0430 \u043f\u043e\u0432\u0442\u043e\u0440\u044f\u044e\u0442\u0441\u044f \u043d\u0430 \u0440\u0443\u0441\u0441\u043a\u043e\u043c \u0438 \u0430\u043d\u0433\u043b\u0438\u0439\u0441\u043a\u043e\u043c \u044f\u0437\u044b\u043a\u0430\u0445, \u0430 \u0442\u0430\u043a\u0436\u0435 \u043d\u0430 \u044f\u0437\u044b\u043a\u0435 \u043e\u0440\u0438\u0433\u0438\u043d\u0430\u043b\u0430 \u0441\u0442\u0430\u0442\u044c\u0438<\/p>\n<p>&nbsp;<\/p>\n<p>REQUIREMENTS CONCERNING THE PUBLICATION Requirements concerning the enclosed information: expert\u2019s decision on public print recommendation for publication Requirements concerning the dead-line for submitting the articles: March 20 \u2013 for the first issue of the year October 20 \u2013 for the second issue of the year Requirements concerning the content of the articles: social and political focus complex and interdisciplinary character Requirements concerning the article\u2019s form: MS Word, font of Times New Roman, size 12, interval of 1 pt., paragraph break of 1 cm, margins of 2x2x2x2 cm Requirements concerning the article\u2019s structure: Universal Decimal Classification, title, authors, abstract, keywords, the article\u2019s text (no more than one author\u2019s sheet \u2013 40 thousand characters), endnotes (single numbering for the full article) Requirements concerning the article\u2019s language: The article can be presented in any language The title, the authors, the abstract, keywords are represented in Russian and English languages, as well as the language of the original article.<\/p>\n<p>&nbsp;<\/p>\n<p>LES EXIGENCES RELATIVES A LA PUBLICATION Les exigences envers l\u2019information d\u2019accompagnement avis d\u2019expert pour la presse recommandation \u00e0 la publication Les exigences concernant les d\u00e9lais de la pr\u00e9sentation des articles jusqu\u2019au 20 mars pour le premier num\u00e9ro de l\u2019ann\u00e9e jusqu\u2019au 20 octobre pour le deuxi\u00e8me num\u00e9ro de l\u2019ann\u00e9e Les exigences au contenu des articles les sujets socio-politiques et humanitaires le caract\u00e8re global (complexe) et interdisciplinaire Les exigences concernant la forme des articles Ms Word, format A4, police de caract\u00e8res Times New Roman, intervalle 1, alin\u00e9a 1 cm, marges 2x2x2x2 cm Les exigences concernant la structure des articles CDU (classification d\u00e9cimale universelle), le titre, la liste des auteurs, l\u2019annotation (150-200 mots), les mots-cl\u00e9s, le texte de l\u2019article (appr. 10 pages), le r\u00e9pertoire bibliographique (5-\u00a0plus titres) Les exigences concernant la langue des articles l\u2019article peut \u00eatre pr\u00e9sent\u00e9 dans n\u2019importe quelle langue le titre, la liste des auteurs, l\u2019annotation (150-200 mots), les mots-cl\u00e9s doivent \u00eatre faits en russe, en anglais et dans la langue originale de l\u2019article Il est recommand\u00e9 de lire les exigences de la base de donn\u00e9es SCOPUS en faisant la pr\u00e9sentation des articles<\/p>\n<p>&nbsp;<\/p>\n<p>REQUISITOS PARA PUBLICACI\u00d3N Requisitos para informaci\u00f3n de aceptaci\u00f3n: dict\u00e1menes para edici\u00f3n abierta recomendaci\u00f3n para publicaci\u00f3n Calendario para fechas de entrega de art\u00edculos: para el primer n\u00famero del a\u00f1o hasta 20 de marzo \u00b7para el segundo n\u00famero del a\u00f1o hasta 20 de octubre Requisitos para el contenido de art\u00edculos: orientaci\u00f3n socio-pol\u00edtica y humanitaria car\u00e1cter complejo y interdisciplinario Requisitos para la forma del art\u00edculo: redactor Ms Word, formato: A4, letras: Times New Roman, intervalo 1 (\u043f\u0442), sangr\u00eda 1 sm., m\u00e1rgenes: 2x2x2x2 sm. Requisitos para estructura del art\u00edculo: t\u00edtulo, la lista de autores, anotaci\u00f3n (150-200 palabras), palabras-clave. Texto del art\u00edculo (aproximadamente 10 p\u00e1ginas), lista bibliogr\u00e1fica (5-15 t\u00edtulos) Requisitos para idioma de art\u00edculos: El art\u00edculo puede ser presentado en cualquier idioma t\u00edtulo, lista de autores, anotaci\u00f3n (150-200 palabras), palabras-clave se repiten en idioma ruso, ingl\u00e9s y tambi\u00e9n en idioma original del art\u00edculo Para el formato de los art\u00edculos se recomienda aprovechar los requisitos de BD SCOPUS<\/p>\n","protected":false},"excerpt":{"rendered":"<p>\u041f\u0440\u0438\u043d\u0438\u043c\u0430\u044e\u0442\u0441\u044f \u0441\u0442\u0430\u0442\u044c\u0438 \u0432 \u043e\u0447\u0435\u0440\u0435\u0434\u043d\u044b\u0435 \u043d\u043e\u043c\u0435\u0440\u0430 \u0436\u0443\u0440\u043d\u0430\u043b\u043e\u0432 \u041f\u043e\u043b\u0438\u0442\u0438\u0447\u0435\u0441\u043a\u0438\u0439 \u0432\u0435\u043a\u0442\u043e\u0440-\u041f\u0420\u041e (Political vector-pro), \u041f\u043e\u043b\u0438\u0442\u0438\u0447\u0435\u0441\u043a\u0438\u0439 \u0432\u0435\u043a\u0442\u043e\u0440-\u041b (Political vector-l), \u041f\u043e\u043b\u0438\u0442\u0438\u0447\u0435\u0441\u043a\u0438\u0439 \u0432\u0435\u043a\u0442\u043e\u0440-\u041c (Political vector-m) &nbsp; \u0422\u0440\u0435\u0431\u043e\u0432\u0430\u043d\u0438\u044f \u043a \u043e\u0444\u043e\u0440\u043c\u043b\u0435\u043d\u0438\u044e \u0441\u0442\u0430\u0442\u0435\u0439. \u0422\u0440\u0435\u0431\u043e\u0432\u0430\u043d\u0438\u044f \u043a \u0441\u043e\u043f\u0440\u043e\u0432\u043e\u0434\u0438\u0442\u0435\u043b\u044c\u043d\u044b\u043c \u0434\u043e\u043a\u0443\u043c\u0435\u043d\u0442\u0430\u043c: \u044d\u043a\u0441\u043f\u0435\u0440\u0442\u043d\u043e\u0435 \u0437\u0430\u043a\u043b\u044e\u0447\u0435\u043d\u0438\u0435 \u0434\u043b\u044f \u043e\u0442\u043a\u0440\u044b\u0442\u043e\u0439 \u043f\u0435\u0447\u0430\u0442\u0438 \u0440\u0435\u043a\u043e\u043c\u0435\u043d\u0434\u0430\u0446\u0438\u044f \u043a \u043f\u0443\u0431\u043b\u0438\u043a\u0430\u0446\u0438\u0438 \u0422\u0440\u0435\u0431\u043e\u0432\u0430\u043d\u0438\u044f \u043a \u0441\u0440\u043e\u043a\u0430\u043c \u043f\u043e\u0434\u0430\u0447\u0438 \u0441\u0442\u0430\u0442\u0435\u0439: \u0434\u043e 20 \u043c\u0430\u0440\u0442\u0430 \u0432 \u043f\u0435\u0440\u0432\u044b\u0439 \u043d\u043e\u043c\u0435\u0440 \u0433\u043e\u0434\u0430 \u0434\u043e 20 \u043e\u043a\u0442\u044f\u0431\u0440\u044f \u0432\u043e \u0432\u0442\u043e\u0440\u043e\u0439 \u043d\u043e\u043c\u0435\u0440 \u0433\u043e\u0434\u0430 \u0422\u0440\u0435\u0431\u043e\u0432\u0430\u043d\u0438\u044f \u043a \u0441\u043e\u0434\u0435\u0440\u0436\u0430\u043d\u0438\u044e \u0441\u0442\u0430\u0442\u0435\u0439: \u0441\u043e\u0446\u0438\u0430\u043b\u044c\u043d\u043e-\u043f\u043e\u043b\u0438\u0442\u0438\u0447\u0435\u0441\u043a\u0430\u044f \u0438 \u0433\u0443\u043c\u0430\u043d\u0438\u0442\u0430\u0440\u043d\u0430\u044f \u043d\u0430\u043f\u0440\u0430\u0432\u043b\u0435\u043d\u043d\u043e\u0441\u0442\u044c \u043a\u043e\u043c\u043f\u043b\u0435\u043a\u0441\u043d\u044b\u0439 \u0438 \u043c\u0435\u0436\u043f\u0440\u0435\u0434\u043c\u0435\u0442\u043d\u044b\u0439 \u0445\u0430\u0440\u0430\u043a\u0442\u0435\u0440 \u0422\u0440\u0435\u0431\u043e\u0432\u0430\u043d\u0438\u044f \u043a \u0444\u043e\u0440\u043c\u0435 \u0441\u0442\u0430\u0442\u0435\u0439: \u0440\u0435\u0434\u0430\u043a\u0442\u043e\u0440 MS Word, \u0448\u0440\u0438\u0444\u0442 Times New Roman, \u043a\u0435\u0433\u043b\u044c 12, \u0438\u043d\u0442\u0435\u0440\u0432\u0430\u043b &hellip; <a href=\"https:\/\/sites.susu.ru\/sec\/\">Continue reading <span class=\"meta-nav\">&rarr;<\/span><\/a><\/p>\n","protected":false},"author":47,"featured_media":0,"parent":0,"menu_order":0,"comment_status":"closed","ping_status":"closed","template":"","meta":{"footnotes":""},"class_list":["post-424","page","type-page","status-publish","hentry"],"_links":{"self":[{"href":"https:\/\/sites.susu.ru\/sec\/wp-json\/wp\/v2\/pages\/424","targetHints":{"allow":["GET"]}}],"collection":[{"href":"https:\/\/sites.susu.ru\/sec\/wp-json\/wp\/v2\/pages"}],"about":[{"href":"https:\/\/sites.susu.ru\/sec\/wp-json\/wp\/v2\/types\/page"}],"author":[{"embeddable":true,"href":"https:\/\/sites.susu.ru\/sec\/wp-json\/wp\/v2\/users\/47"}],"replies":[{"embeddable":true,"href":"https:\/\/sites.susu.ru\/sec\/wp-json\/wp\/v2\/comments?post=424"}],"version-history":[{"count":0,"href":"https:\/\/sites.susu.ru\/sec\/wp-json\/wp\/v2\/pages\/424\/revisions"}],"wp:attachment":[{"href":"https:\/\/sites.susu.ru\/sec\/wp-json\/wp\/v2\/media?parent=424"}],"curies":[{"name":"wp","href":"https:\/\/api.w.org\/{rel}","templated":true}]}}